{"id":577,"date":"2023-06-28T08:14:32","date_gmt":"2023-06-28T08:14:32","guid":{"rendered":"https:\/\/scherzomusiccentre.com\/?page_id=577"},"modified":"2024-07-10T16:56:28","modified_gmt":"2024-07-10T16:56:28","slug":"clases-musica-para-ninos-reus","status":"publish","type":"page","link":"https:\/\/scherzomusiccentre.com\/ca\/clases-musica-para-ninos-reus\/","title":{"rendered":"Classes de m\u00fasica per a nens a Reus"},"content":{"rendered":"<p>[et_pb_section fb_built=\u00bb1&#8243; custom_padding_last_edited=\u00bbon|tablet\u00bb _builder_version=\u00bb4.26.0&#8243; _module_preset=\u00bbdefault\u00bb background_image=\u00bbhttps:\/\/scherzomusiccentre.com\/wp-content\/uploads\/2024\/07\/clases-de-musica-para-ninos-en-reus-piano-scaled.jpg\u00bb background_position=\u00bbbottom_center\u00bb background_vertical_offset=\u00bb26%\u00bb custom_padding=\u00bb49vh||0px||false|false\u00bb custom_padding_tablet=\u00bb36vh||||false|false\u00bb custom_padding_phone=\u00bb21vh||||false|false\u00bb hover_enabled=\u00bb0&#8243; locked=\u00bboff\u00bb global_colors_info=\u00bb{}\u00bb alt=\u00bbclases de musica para ninos en reus piano\u00bb title_text=\u00bbclases de musica para ninos en reus piano\u00bb sticky_enabled=\u00bb0&#8243;][et_pb_row _builder_version=\u00bb4.19.5&#8243; _module_preset=\u00bbdefault\u00bb background_color=\u00bbrgba(255,255,255,0.82)\u00bb custom_padding=\u00bb|1em||1em|false|true\u00bb global_colors_info=\u00bb{}\u00bb][et_pb_column type=\u00bb4_4&#8243; _builder_version=\u00bb4.19.5&#8243; _module_preset=\u00bbdefault\u00bb global_colors_info=\u00bb{}\u00bb][et_pb_text _builder_version=\u00bb4.21.0&#8243; _module_preset=\u00bbdefault\u00bb text_font=\u00bb|600|||||||\u00bb text_text_color=\u00bb#333333&#8243; text_font_size=\u00bb20px\u00bb header_font=\u00bb|700||on|||||\u00bb header_text_align=\u00bbcenter\u00bb header_line_height=\u00bb1.2em\u00bb header_2_font=\u00bb|||on|||||\u00bb header_3_text_color=\u00bbgcid-9fd9b837-8faa-4941-9ad2-6551db733118&#8243; text_orientation=\u00bbcenter\u00bb header_font_size_tablet=\u00bb\u00bb header_font_size_phone=\u00bb20px\u00bb header_font_size_last_edited=\u00bbon|phone\u00bb global_colors_info=\u00bb{%22gcid-9fd9b837-8faa-4941-9ad2-6551db733118%22:%91%22header_3_text_color%22%93}\u00bb]<\/p>\n<h1>Classes de m\u00fasica per a nens a Reus<\/h1>\n<h3>Primeras clases de m\u00fasica para ni\u00f1os a partir de los 3 a\u00f1os de edad<\/h3>\n<p class=\"first-p\">Apunta tu peque\u00f1o o peque\u00f1a a sus primeras <strong>clases de m\u00fasica para ni\u00f1os en Reus<\/strong> Scherzo Music Centre. Contacta con nosotros para informarte sobre disponibilidad de plazas y m\u00e1s informaci\u00f3n sobre las clases.<\/p>\n<p>[\/et_pb_text][et_pb_button button_url=\u00bb@ET-DC@eyJkeW5hbWljIjp0cnVlLCJjb250ZW50IjoicG9zdF9saW5rX3VybF9wYWdlIiwic2V0dGluZ3MiOnsicG9zdF9pZCI6IjEwMyJ9fQ==@\u00bb button_text=\u00bbContacto\u00bb button_alignment=\u00bbcenter\u00bb _builder_version=\u00bb4.19.5&#8243; _dynamic_attributes=\u00bbbutton_url\u00bb custom_button=\u00bbon\u00bb button_text_size=\u00bb12px\u00bb button_text_color=\u00bb#FFFFFF\u00bb button_bg_color=\u00bb#e0000f\u00bb button_border_width=\u00bb0px\u00bb button_border_radius=\u00bb0px\u00bb button_letter_spacing=\u00bb4px\u00bb button_font=\u00bb|700||on|||||\u00bb custom_margin=\u00bb2em||1em||false|false\u00bb custom_margin_tablet=\u00bb||60px||false|false\u00bb custom_margin_phone=\u00bb\u00bb custom_margin_last_edited=\u00bbon|tablet\u00bb custom_padding=\u00bb18px|30px|18px|30px|true|true\u00bb box_shadow_style=\u00bbpreset3&#8243; box_shadow_vertical=\u00bb47px\u00bb box_shadow_blur=\u00bb48px\u00bb box_shadow_spread=\u00bb0px\u00bb box_shadow_color=\u00bbrgba(100,146,188,0.15)\u00bb locked=\u00bboff\u00bb global_colors_info=\u00bb{}\u00bb][\/et_pb_button][\/et_pb_column][\/et_pb_row][\/et_pb_section][et_pb_section fb_built=\u00bb1&#8243; admin_label=\u00bbHeader\u00bb _builder_version=\u00bb4.16&#8243; background_color=\u00bb#f6f0ee\u00bb custom_padding=\u00bb0px||0px||true|false\u00bb locked=\u00bboff\u00bb global_colors_info=\u00bb{}\u00bb][et_pb_row custom_padding_last_edited=\u00bbon|phone\u00bb _builder_version=\u00bb4.19.5&#8243; background_color=\u00bb#ffffff\u00bb custom_padding=\u00bb60px|60px|0px|60px|false|true\u00bb custom_padding_tablet=\u00bb\u00bb custom_padding_phone=\u00bb|30px||30px|false|true\u00bb global_colors_info=\u00bb{}\u00bb][et_pb_column type=\u00bb4_4&#8243; _builder_version=\u00bb4.16&#8243; global_colors_info=\u00bb{}\u00bb][et_pb_text _builder_version=\u00bb4.21.0&#8243; text_font_size=\u00bb16px\u00bb text_line_height=\u00bb1.8em\u00bb header_font=\u00bbInria Serif|700|||||||\u00bb header_text_color=\u00bb#000000&#8243; header_font_size=\u00bb70px\u00bb header_line_height=\u00bb1.2em\u00bb max_width=\u00bb800px\u00bb custom_margin=\u00bb||||false|false\u00bb text_font_size_tablet=\u00bb\u00bb text_font_size_phone=\u00bb14px\u00bb text_font_size_last_edited=\u00bbon|phone\u00bb header_font_size_tablet=\u00bb48px\u00bb header_font_size_phone=\u00bb24px\u00bb header_font_size_last_edited=\u00bbon|phone\u00bb locked=\u00bboff\u00bb global_colors_info=\u00bb{}\u00bb]<\/p>\n<h2>Una experiencia formativa \u00fanica para tu ni\u00f1o o ni\u00f1a<\/h2>\n<p>Las clases de iniciaci\u00f3n musical y sensibilizaci\u00f3n musical son el modo ideal de introducir su hijo o hija al mundo musical de manera divertida mediante el juego.<\/p>\n<h2>Ventajas de las clases de iniciaci\u00f3n a la m\u00fasica<\/h2>\n<p>Las clases iniciaci\u00f3n a la m\u00fasica ofrecen variedad de ventajas, por supuesto son una plataforma excelente si quieres ofrecerle a tu hijo o hija una ventaja en los estudios musicales, pero existen otras ventajas como:<\/p>\n<p>&nbsp;<\/p>\n<p>[\/et_pb_text][\/et_pb_column][\/et_pb_row][et_pb_row column_structure=\u00bb1_2,1_2&#8243; use_custom_gutter=\u00bbon\u00bb gutter_width=\u00bb2&#8243; make_equal=\u00bbon\u00bb _builder_version=\u00bb4.19.5&#8243; _module_preset=\u00bbdefault\u00bb locked=\u00bboff\u00bb global_colors_info=\u00bb{}\u00bb][et_pb_column type=\u00bb1_2&#8243; _builder_version=\u00bb4.19.5&#8243; _module_preset=\u00bbdefault\u00bb global_colors_info=\u00bb{}\u00bb][et_pb_text _builder_version=\u00bb4.21.0&#8243; _module_preset=\u00bbdefault\u00bb text_text_color=\u00bb#FFFFFF\u00bb header_3_font=\u00bb|||on|||||\u00bb header_3_text_color=\u00bb#FFFFFF\u00bb background_color=\u00bb#0C71C3&#8243; text_orientation=\u00bbcenter\u00bb min_height=\u00bb300px\u00bb animation_style=\u00bbslide\u00bb custom_css_main_element=\u00bbdisplay:flex;justify-content:center;align-items:center;\u00bb global_colors_info=\u00bb{%22gcid-e29bca70-f513-4631-9de3-185db3f30c40%22:%91%22background_color%22%93}\u00bb]<\/p>\n<h3>Promueve la concentraci\u00f3n<\/h3>\n<p>Los ni\u00f1os que toman clases de m\u00fasica por m\u00e1s de 3 meses demuestran una mejora de concentraci\u00f3n.<\/p>\n<p>[\/et_pb_text][\/et_pb_column][et_pb_column type=\u00bb1_2&#8243; _builder_version=\u00bb4.19.5&#8243; _module_preset=\u00bbdefault\u00bb global_colors_info=\u00bb{}\u00bb][et_pb_text _builder_version=\u00bb4.19.5&#8243; _module_preset=\u00bbdefault\u00bb text_text_color=\u00bb#FFFFFF\u00bb header_3_font=\u00bb|||on|||||\u00bb header_3_text_color=\u00bb#FFFFFF\u00bb background_color=\u00bb#000000&#8243; text_orientation=\u00bbcenter\u00bb min_height=\u00bb300px\u00bb animation_style=\u00bbslide\u00bb custom_css_main_element=\u00bbdisplay:flex;justify-content:center;align-items:center;\u00bb global_colors_info=\u00bb{}\u00bb]<\/p>\n<h3>Entonaci\u00f3n<\/h3>\n<p>Las habilidades de entonaci\u00f3n mejoran especialmente con la pr\u00e1ctica del canto. En los a\u00f1os formativos es m\u00e1s f\u00e1cil moldear la voz y entonaci\u00f3n.<\/p>\n<p>[\/et_pb_text][\/et_pb_column][\/et_pb_row][et_pb_row column_structure=\u00bb1_2,1_2&#8243; use_custom_gutter=\u00bbon\u00bb gutter_width=\u00bb2&#8243; make_equal=\u00bbon\u00bb _builder_version=\u00bb4.19.5&#8243; _module_preset=\u00bbdefault\u00bb locked=\u00bboff\u00bb global_colors_info=\u00bb{}\u00bb][et_pb_column type=\u00bb1_2&#8243; _builder_version=\u00bb4.19.5&#8243; _module_preset=\u00bbdefault\u00bb global_colors_info=\u00bb{}\u00bb][et_pb_text _builder_version=\u00bb4.19.5&#8243; _module_preset=\u00bbdefault\u00bb text_text_color=\u00bb#FFFFFF\u00bb header_3_font=\u00bb|||on|||||\u00bb header_3_text_color=\u00bb#FFFFFF\u00bb background_color=\u00bb#E02B20&#8243; text_orientation=\u00bbcenter\u00bb min_height=\u00bb300px\u00bb animation_style=\u00bbslide\u00bb custom_css_main_element=\u00bbdisplay:flex;justify-content:center;align-items:center;\u00bb global_colors_info=\u00bb{%22gcid-e29bca70-f513-4631-9de3-185db3f30c40%22:%91%22background_color%22%93}\u00bb]<\/p>\n<h3>Creatividad<\/h3>\n<p>Las clases de m\u00fasica estimulan la creatividad y habilidades sociales. El ni\u00f1o o ni\u00f1a aprende a ser creativo y a no tener miedo a cometer errores en p\u00fablico.<\/p>\n<p>[\/et_pb_text][\/et_pb_column][et_pb_column type=\u00bb1_2&#8243; _builder_version=\u00bb4.19.5&#8243; _module_preset=\u00bbdefault\u00bb global_colors_info=\u00bb{}\u00bb][et_pb_text _builder_version=\u00bb4.19.5&#8243; _module_preset=\u00bbdefault\u00bb text_text_color=\u00bb#FFFFFF\u00bb header_3_font=\u00bb|||on|||||\u00bb header_3_text_color=\u00bb#FFFFFF\u00bb background_color=\u00bbgcid-9fd9b837-8faa-4941-9ad2-6551db733118&#8243; text_orientation=\u00bbcenter\u00bb min_height=\u00bb300px\u00bb animation_style=\u00bbslide\u00bb custom_css_main_element=\u00bbdisplay:flex;justify-content:center;align-items:center;\u00bb global_colors_info=\u00bb{%22gcid-9fd9b837-8faa-4941-9ad2-6551db733118%22:%91%22background_color%22%93}\u00bb]<\/p>\n<h3>Autoestima<\/h3>\n<p>La interacci\u00f3n de las clases y la estructura que provee la ense\u00f1anza musical ayudan a consolidar la autoestima del ni\u00f1o o ni\u00f1a.<\/p>\n<p>[\/et_pb_text][\/et_pb_column][\/et_pb_row][et_pb_row _builder_version=\u00bb4.21.0&#8243; _module_preset=\u00bbdefault\u00bb global_colors_info=\u00bb{}\u00bb][et_pb_column type=\u00bb4_4&#8243; _builder_version=\u00bb4.21.0&#8243; _module_preset=\u00bbdefault\u00bb global_colors_info=\u00bb{}\u00bb][et_pb_text _builder_version=\u00bb4.21.0&#8243; _module_preset=\u00bbdefault\u00bb global_colors_info=\u00bb{}\u00bb]<\/p>\n<p>En Scherzo Music Centre, ofrecemos <strong>clases de m\u00fasica especialmente dise\u00f1adas para ni\u00f1os<\/strong>, con el objetivo de proporcionar la oportunidad de explorar y desarrollar su talento musical desde una edad temprana.<\/p>\n<p>Nuestras clases de m\u00fasica para ni\u00f1os son divertidas y din\u00e1micas, centradas en despertar su inter\u00e9s y amor por la m\u00fasica. Para lograrlo, la iniciaci\u00f3n a la m\u00fasica se hace a trav\u00e9s de juegos, actividades interactivas y la ense\u00f1anza de instrumentos musicales. Nuestros profesores altamente cualificados gu\u00edan a los ni\u00f1os en un viaje de descubrimiento musical.<\/p>\n<p><strong>Fomentamos la creatividad, la expresi\u00f3n<\/strong> y el desarrollo de habilidades musicales fundamentales, como el ritmo, la melod\u00eda y la apreciaci\u00f3n musical.<\/p>\n<p>\u00a1Elige las clases de m\u00fasica para ni\u00f1os en Scherzo Music Centre para abrir un mundo de posibilidades musicales para tus hijos!<\/p>\n<p>[\/et_pb_text][\/et_pb_column][\/et_pb_row][\/et_pb_section][et_pb_section fb_built=\u00bb1&#8243; admin_label=\u00bbCall To Action\u00bb _builder_version=\u00bb4.16&#8243; background_color=\u00bb#f6f0ee\u00bb locked=\u00bboff\u00bb global_colors_info=\u00bb{}\u00bb][et_pb_row custom_padding_last_edited=\u00bbon|phone\u00bb _builder_version=\u00bb4.16&#8243; background_color=\u00bb#ffffff\u00bb custom_padding=\u00bb100px|40px|100px|40px|true|true\u00bb custom_padding_tablet=\u00bb50px||||false|false\u00bb custom_padding_phone=\u00bb|20px||20px|false|true\u00bb global_colors_info=\u00bb{}\u00bb][et_pb_column type=\u00bb4_4&#8243; _builder_version=\u00bb4.16&#8243; global_colors_info=\u00bb{}\u00bb][et_pb_text _builder_version=\u00bb4.21.0&#8243; header_2_font=\u00bbInria Serif|700|||||||\u00bb header_2_text_color=\u00bb#000000&#8243; header_2_font_size=\u00bb80px\u00bb header_2_line_height=\u00bb1.1em\u00bb header_3_font=\u00bb|700||on|||||\u00bb header_3_font_size=\u00bb14px\u00bb header_3_letter_spacing=\u00bb4px\u00bb header_3_line_height=\u00bb1.8em\u00bb text_orientation=\u00bbcenter\u00bb header_2_font_size_tablet=\u00bb50px\u00bb header_2_font_size_phone=\u00bb30px\u00bb header_2_font_size_last_edited=\u00bbon|phone\u00bb global_colors_info=\u00bb{}\u00bb]<\/p>\n<h3>Reserva tu plaza en las clases de m\u00fasica para ni\u00f1os en Reus Scherzo Music Centre<\/h3>\n<p>[\/et_pb_text][et_pb_text _builder_version=\u00bb4.19.5&#8243; text_font=\u00bbInria Serif|700|||||||\u00bb text_text_color=\u00bb#fa6400&#8243; text_font_size=\u00bb80px\u00bb text_line_height=\u00bb1.1em\u00bb text_orientation=\u00bbcenter\u00bb text_font_size_tablet=\u00bb60px\u00bb text_font_size_phone=\u00bb50px\u00bb text_font_size_last_edited=\u00bbon|desktop\u00bb global_colors_info=\u00bb{}\u00bb]<\/p>\n<p>Los ni\u00f1os aprenden y se divierten con m\u00fasica<\/p>\n<p>[\/et_pb_text][et_pb_button button_url=\u00bb@ET-DC@eyJkeW5hbWljIjp0cnVlLCJjb250ZW50IjoicG9zdF9saW5rX3VybF9wYWdlIiwic2V0dGluZ3MiOnsicG9zdF9pZCI6IjEwMyJ9fQ==@\u00bb button_text=\u00bbContacto e informaci\u00f3n\u00bb button_alignment=\u00bbcenter\u00bb _builder_version=\u00bb4.19.5&#8243; _dynamic_attributes=\u00bbbutton_url\u00bb _module_preset=\u00bbdefault\u00bb custom_button=\u00bbon\u00bb button_text_color=\u00bb#FFFFFF\u00bb button_bg_color=\u00bb#FA6400&#8243; global_colors_info=\u00bb{}\u00bb][\/et_pb_button][\/et_pb_column][\/et_pb_row][\/et_pb_section][et_pb_section fb_built=\u00bb1&#8243; admin_label=\u00bbRegistration\u00bb _builder_version=\u00bb4.16&#8243; background_color=\u00bb#f6f0ee\u00bb custom_padding=\u00bb0px||0px||true|false\u00bb global_colors_info=\u00bb{}\u00bb][\/et_pb_section]<\/p>","protected":false},"excerpt":{"rendered":"<p>Clases de m\u00fasica para ni\u00f1os en Reus Primeras clases de m\u00fasica para ni\u00f1os a partir de los 3 a\u00f1os de edad Apunta tu peque\u00f1o o peque\u00f1a a sus primeras clases de m\u00fasica para ni\u00f1os en Reus Scherzo Music Centre. Contacta con nosotros para informarte sobre disponibilidad de plazas y m\u00e1s informaci\u00f3n sobre las clases.Una experiencia [&hellip;]<\/p>","protected":false},"author":3,"featured_media":93,"parent":0,"menu_order":0,"comment_status":"closed","ping_status":"closed","template":"","meta":{"_et_pb_use_builder":"on","_et_pb_old_content":"","_et_gb_content_width":"","_joinchat":[],"footnotes":""},"class_list":["post-577","page","type-page","status-publish","has-post-thumbnail","hentry"],"yoast_head":"<!-- This site is optimized with the Yoast SEO plugin v26.2 - https:\/\/yoast.com\/wordpress\/plugins\/seo\/ -->\n<title>Clases de m\u00fasica para ni\u00f1os en Reus Scherzo Music Centre<\/title>\n<meta name=\"description\" content=\"Clases de m\u00fasica para ni\u00f1os en Reus - a partir de 3 a\u00f1os de edad. Iniciaci\u00f3n en el lenguaje musical, ritmo, instrumentos, canto.\" \/>\n<meta name=\"robots\" content=\"index, follow, max-snippet:-1, max-image-preview:large, max-video-preview:-1\" \/>\n<link rel=\"canonical\" href=\"https:\/\/scherzomusiccentre.com\/ca\/clases-musica-para-ninos-reus\/\" \/>\n<meta property=\"og:locale\" content=\"ca_ES\" \/>\n<meta property=\"og:type\" content=\"article\" \/>\n<meta property=\"og:title\" content=\"Clases de m\u00fasica para ni\u00f1os en Reus Scherzo Music Centre\" \/>\n<meta property=\"og:description\" content=\"Clases de m\u00fasica para ni\u00f1os en Reus - a partir de 3 a\u00f1os de edad. Iniciaci\u00f3n en el lenguaje musical, ritmo, instrumentos, canto.\" \/>\n<meta property=\"og:url\" content=\"https:\/\/scherzomusiccentre.com\/ca\/clases-musica-para-ninos-reus\/\" \/>\n<meta property=\"og:site_name\" content=\"scherzomusiccentre.com\" \/>\n<meta property=\"article:publisher\" content=\"https:\/\/www.facebook.com\/scherzomusiccentre\/\" \/>\n<meta property=\"article:modified_time\" content=\"2024-07-10T16:56:28+00:00\" \/>\n<meta property=\"og:image\" content=\"https:\/\/scherzomusiccentre.com\/wp-content\/uploads\/2023\/02\/clases-de-musica-ninos-desde-3-anos.jpg\" \/>\n\t<meta property=\"og:image:width\" content=\"600\" \/>\n\t<meta property=\"og:image:height\" content=\"350\" \/>\n\t<meta property=\"og:image:type\" content=\"image\/jpeg\" \/>\n<meta name=\"twitter:card\" content=\"summary_large_image\" \/>\n<meta name=\"twitter:label1\" content=\"Temps estimat de lectura\" \/>\n\t<meta name=\"twitter:data1\" content=\"2 minuts\" \/>\n<script type=\"application\/ld+json\" class=\"yoast-schema-graph\">{\"@context\":\"https:\/\/schema.org\",\"@graph\":[{\"@type\":\"WebPage\",\"@id\":\"https:\/\/scherzomusiccentre.com\/clases-musica-para-ninos-reus\/\",\"url\":\"https:\/\/scherzomusiccentre.com\/clases-musica-para-ninos-reus\/\",\"name\":\"Clases de m\u00fasica para ni\u00f1os en Reus Scherzo Music Centre\",\"isPartOf\":{\"@id\":\"https:\/\/scherzomusiccentre.com\/#website\"},\"primaryImageOfPage\":{\"@id\":\"https:\/\/scherzomusiccentre.com\/clases-musica-para-ninos-reus\/#primaryimage\"},\"image\":{\"@id\":\"https:\/\/scherzomusiccentre.com\/clases-musica-para-ninos-reus\/#primaryimage\"},\"thumbnailUrl\":\"https:\/\/scherzomusiccentre.com\/wp-content\/uploads\/2023\/02\/clases-de-musica-ninos-desde-3-anos.jpg\",\"datePublished\":\"2023-06-28T08:14:32+00:00\",\"dateModified\":\"2024-07-10T16:56:28+00:00\",\"description\":\"Clases de m\u00fasica para ni\u00f1os en Reus - a partir de 3 a\u00f1os de edad. Iniciaci\u00f3n en el lenguaje musical, ritmo, instrumentos, canto.\",\"breadcrumb\":{\"@id\":\"https:\/\/scherzomusiccentre.com\/clases-musica-para-ninos-reus\/#breadcrumb\"},\"inLanguage\":\"ca\",\"potentialAction\":[{\"@type\":\"ReadAction\",\"target\":[\"https:\/\/scherzomusiccentre.com\/clases-musica-para-ninos-reus\/\"]}]},{\"@type\":\"ImageObject\",\"inLanguage\":\"ca\",\"@id\":\"https:\/\/scherzomusiccentre.com\/clases-musica-para-ninos-reus\/#primaryimage\",\"url\":\"https:\/\/scherzomusiccentre.com\/wp-content\/uploads\/2023\/02\/clases-de-musica-ninos-desde-3-anos.jpg\",\"contentUrl\":\"https:\/\/scherzomusiccentre.com\/wp-content\/uploads\/2023\/02\/clases-de-musica-ninos-desde-3-anos.jpg\",\"width\":600,\"height\":350,\"caption\":\"clases de musica ninos desde 3 anos\"},{\"@type\":\"BreadcrumbList\",\"@id\":\"https:\/\/scherzomusiccentre.com\/clases-musica-para-ninos-reus\/#breadcrumb\",\"itemListElement\":[{\"@type\":\"ListItem\",\"position\":1,\"name\":\"Portada\",\"item\":\"https:\/\/scherzomusiccentre.com\/\"},{\"@type\":\"ListItem\",\"position\":2,\"name\":\"Clases de m\u00fasica para ni\u00f1os en Reus\"}]},{\"@type\":\"WebSite\",\"@id\":\"https:\/\/scherzomusiccentre.com\/#website\",\"url\":\"https:\/\/scherzomusiccentre.com\/\",\"name\":\"scherzomusiccentre.com\",\"description\":\"Escuela de m\u00fasica y Salas de Eventos\",\"publisher\":{\"@id\":\"https:\/\/scherzomusiccentre.com\/#organization\"},\"alternateName\":\"Scherzo MC\",\"potentialAction\":[{\"@type\":\"SearchAction\",\"target\":{\"@type\":\"EntryPoint\",\"urlTemplate\":\"https:\/\/scherzomusiccentre.com\/?s={search_term_string}\"},\"query-input\":{\"@type\":\"PropertyValueSpecification\",\"valueRequired\":true,\"valueName\":\"search_term_string\"}}],\"inLanguage\":\"ca\"},{\"@type\":\"Organization\",\"@id\":\"https:\/\/scherzomusiccentre.com\/#organization\",\"name\":\"Scherzo Music Centre Escuela de Musica y Centro de Eventos\",\"url\":\"https:\/\/scherzomusiccentre.com\/\",\"logo\":{\"@type\":\"ImageObject\",\"inLanguage\":\"ca\",\"@id\":\"https:\/\/scherzomusiccentre.com\/#\/schema\/logo\/image\/\",\"url\":\"https:\/\/scherzomusiccentre.com\/wp-content\/uploads\/2023\/02\/84eef3d1906a04233e5e1d08726e98e4_668x244.jpg\",\"contentUrl\":\"https:\/\/scherzomusiccentre.com\/wp-content\/uploads\/2023\/02\/84eef3d1906a04233e5e1d08726e98e4_668x244.jpg\",\"width\":668,\"height\":244,\"caption\":\"Scherzo Music Centre Escuela de Musica y Centro de Eventos\"},\"image\":{\"@id\":\"https:\/\/scherzomusiccentre.com\/#\/schema\/logo\/image\/\"},\"sameAs\":[\"https:\/\/www.facebook.com\/scherzomusiccentre\/\",\"https:\/\/www.instagram.com\/scherzomusiccentre\/?hl=es\"]}]}<\/script>\n<!-- \/ Yoast SEO plugin. -->","yoast_head_json":{"title":"Clases de m\u00fasica para ni\u00f1os en Reus Scherzo Music Centre","description":"Clases de m\u00fasica para ni\u00f1os en Reus - a partir de 3 a\u00f1os de edad. Iniciaci\u00f3n en el lenguaje musical, ritmo, instrumentos, canto.","robots":{"index":"index","follow":"follow","max-snippet":"max-snippet:-1","max-image-preview":"max-image-preview:large","max-video-preview":"max-video-preview:-1"},"canonical":"https:\/\/scherzomusiccentre.com\/ca\/clases-musica-para-ninos-reus\/","og_locale":"ca_ES","og_type":"article","og_title":"Clases de m\u00fasica para ni\u00f1os en Reus Scherzo Music Centre","og_description":"Clases de m\u00fasica para ni\u00f1os en Reus - a partir de 3 a\u00f1os de edad. Iniciaci\u00f3n en el lenguaje musical, ritmo, instrumentos, canto.","og_url":"https:\/\/scherzomusiccentre.com\/ca\/clases-musica-para-ninos-reus\/","og_site_name":"scherzomusiccentre.com","article_publisher":"https:\/\/www.facebook.com\/scherzomusiccentre\/","article_modified_time":"2024-07-10T16:56:28+00:00","og_image":[{"width":600,"height":350,"url":"https:\/\/scherzomusiccentre.com\/wp-content\/uploads\/2023\/02\/clases-de-musica-ninos-desde-3-anos.jpg","type":"image\/jpeg"}],"twitter_card":"summary_large_image","twitter_misc":{"Temps estimat de lectura":"2 minuts"},"schema":{"@context":"https:\/\/schema.org","@graph":[{"@type":"WebPage","@id":"https:\/\/scherzomusiccentre.com\/clases-musica-para-ninos-reus\/","url":"https:\/\/scherzomusiccentre.com\/clases-musica-para-ninos-reus\/","name":"Clases de m\u00fasica para ni\u00f1os en Reus Scherzo Music Centre","isPartOf":{"@id":"https:\/\/scherzomusiccentre.com\/#website"},"primaryImageOfPage":{"@id":"https:\/\/scherzomusiccentre.com\/clases-musica-para-ninos-reus\/#primaryimage"},"image":{"@id":"https:\/\/scherzomusiccentre.com\/clases-musica-para-ninos-reus\/#primaryimage"},"thumbnailUrl":"https:\/\/scherzomusiccentre.com\/wp-content\/uploads\/2023\/02\/clases-de-musica-ninos-desde-3-anos.jpg","datePublished":"2023-06-28T08:14:32+00:00","dateModified":"2024-07-10T16:56:28+00:00","description":"Clases de m\u00fasica para ni\u00f1os en Reus - a partir de 3 a\u00f1os de edad. Iniciaci\u00f3n en el lenguaje musical, ritmo, instrumentos, canto.","breadcrumb":{"@id":"https:\/\/scherzomusiccentre.com\/clases-musica-para-ninos-reus\/#breadcrumb"},"inLanguage":"ca","potentialAction":[{"@type":"ReadAction","target":["https:\/\/scherzomusiccentre.com\/clases-musica-para-ninos-reus\/"]}]},{"@type":"ImageObject","inLanguage":"ca","@id":"https:\/\/scherzomusiccentre.com\/clases-musica-para-ninos-reus\/#primaryimage","url":"https:\/\/scherzomusiccentre.com\/wp-content\/uploads\/2023\/02\/clases-de-musica-ninos-desde-3-anos.jpg","contentUrl":"https:\/\/scherzomusiccentre.com\/wp-content\/uploads\/2023\/02\/clases-de-musica-ninos-desde-3-anos.jpg","width":600,"height":350,"caption":"clases de musica ninos desde 3 anos"},{"@type":"BreadcrumbList","@id":"https:\/\/scherzomusiccentre.com\/clases-musica-para-ninos-reus\/#breadcrumb","itemListElement":[{"@type":"ListItem","position":1,"name":"Portada","item":"https:\/\/scherzomusiccentre.com\/"},{"@type":"ListItem","position":2,"name":"Clases de m\u00fasica para ni\u00f1os en Reus"}]},{"@type":"WebSite","@id":"https:\/\/scherzomusiccentre.com\/#website","url":"https:\/\/scherzomusiccentre.com\/","name":"scherzomusiccentre.com","description":"Escuela de m\u00fasica y Salas de Eventos","publisher":{"@id":"https:\/\/scherzomusiccentre.com\/#organization"},"alternateName":"Scherzo MC","potentialAction":[{"@type":"SearchAction","target":{"@type":"EntryPoint","urlTemplate":"https:\/\/scherzomusiccentre.com\/?s={search_term_string}"},"query-input":{"@type":"PropertyValueSpecification","valueRequired":true,"valueName":"search_term_string"}}],"inLanguage":"ca"},{"@type":"Organization","@id":"https:\/\/scherzomusiccentre.com\/#organization","name":"Scherzo Music Centre Escuela de Musica y Centro de Eventos","url":"https:\/\/scherzomusiccentre.com\/","logo":{"@type":"ImageObject","inLanguage":"ca","@id":"https:\/\/scherzomusiccentre.com\/#\/schema\/logo\/image\/","url":"https:\/\/scherzomusiccentre.com\/wp-content\/uploads\/2023\/02\/84eef3d1906a04233e5e1d08726e98e4_668x244.jpg","contentUrl":"https:\/\/scherzomusiccentre.com\/wp-content\/uploads\/2023\/02\/84eef3d1906a04233e5e1d08726e98e4_668x244.jpg","width":668,"height":244,"caption":"Scherzo Music Centre Escuela de Musica y Centro de Eventos"},"image":{"@id":"https:\/\/scherzomusiccentre.com\/#\/schema\/logo\/image\/"},"sameAs":["https:\/\/www.facebook.com\/scherzomusiccentre\/","https:\/\/www.instagram.com\/scherzomusiccentre\/?hl=es"]}]}},"_links":{"self":[{"href":"https:\/\/scherzomusiccentre.com\/ca\/wp-json\/wp\/v2\/pages\/577","targetHints":{"allow":["GET"]}}],"collection":[{"href":"https:\/\/scherzomusiccentre.com\/ca\/wp-json\/wp\/v2\/pages"}],"about":[{"href":"https:\/\/scherzomusiccentre.com\/ca\/wp-json\/wp\/v2\/types\/page"}],"author":[{"embeddable":true,"href":"https:\/\/scherzomusiccentre.com\/ca\/wp-json\/wp\/v2\/users\/3"}],"replies":[{"embeddable":true,"href":"https:\/\/scherzomusiccentre.com\/ca\/wp-json\/wp\/v2\/comments?post=577"}],"version-history":[{"count":4,"href":"https:\/\/scherzomusiccentre.com\/ca\/wp-json\/wp\/v2\/pages\/577\/revisions"}],"predecessor-version":[{"id":207425,"href":"https:\/\/scherzomusiccentre.com\/ca\/wp-json\/wp\/v2\/pages\/577\/revisions\/207425"}],"wp:featuredmedia":[{"embeddable":true,"href":"https:\/\/scherzomusiccentre.com\/ca\/wp-json\/wp\/v2\/media\/93"}],"wp:attachment":[{"href":"https:\/\/scherzomusiccentre.com\/ca\/wp-json\/wp\/v2\/media?parent=577"}],"curies":[{"name":"wp","href":"https:\/\/api.w.org\/{rel}","templated":true}]}}