{"id":571,"date":"2023-06-28T08:01:59","date_gmt":"2023-06-28T08:01:59","guid":{"rendered":"https:\/\/scherzomusiccentre.com\/?page_id=571"},"modified":"2023-09-28T09:54:21","modified_gmt":"2023-09-28T09:54:21","slug":"alquiler-sala-eventos-reus","status":"publish","type":"page","link":"https:\/\/scherzomusiccentre.com\/ca\/alquiler-sala-eventos-reus\/","title":{"rendered":"Lloguer de sala d'esdeveniments a Reus"},"content":{"rendered":"<p>[et_pb_section fb_built=\u00bb1&#8243; custom_padding_last_edited=\u00bbon|tablet\u00bb _builder_version=\u00bb4.19.5&#8243; _module_preset=\u00bbdefault\u00bb background_image=\u00bbhttps:\/\/scherzomusiccentre.com\/wp-content\/uploads\/2023\/02\/centro-de-musica-Tarragona-scaled.jpg\u00bb background_position=\u00bbbottom_center\u00bb background_vertical_offset=\u00bb23%\u00bb custom_padding=\u00bb61vh||0px||false|false\u00bb custom_padding_tablet=\u00bb36vh||||false|false\u00bb custom_padding_phone=\u00bb21vh||||false|false\u00bb locked=\u00bboff\u00bb global_colors_info=\u00bb{}\u00bb][et_pb_row _builder_version=\u00bb4.19.5&#8243; _module_preset=\u00bbdefault\u00bb background_color=\u00bbrgba(255,255,255,0.82)\u00bb custom_padding=\u00bb|1em||1em|false|true\u00bb global_colors_info=\u00bb{}\u00bb][et_pb_column type=\u00bb4_4&#8243; _builder_version=\u00bb4.19.5&#8243; _module_preset=\u00bbdefault\u00bb global_colors_info=\u00bb{}\u00bb][et_pb_text _builder_version=\u00bb4.21.0&#8243; _module_preset=\u00bbdefault\u00bb text_font=\u00bb|600|||||||\u00bb text_text_color=\u00bb#333333&#8243; text_font_size=\u00bb20px\u00bb header_font=\u00bb|700||on|||||\u00bb header_text_align=\u00bbcenter\u00bb header_line_height=\u00bb1.2em\u00bb header_2_font=\u00bb|||on|||||\u00bb text_orientation=\u00bbcenter\u00bb header_font_size_tablet=\u00bb\u00bb header_font_size_phone=\u00bb20px\u00bb header_font_size_last_edited=\u00bbon|phone\u00bb global_colors_info=\u00bb{}\u00bb]<\/p>\n<h1>Lloguer de sala d'esdeveniments a Reus<\/h1>\n<p class=\"first-p\">Servei de <strong>alquiler de salas de eventos en Reus<\/strong> actes, reunions, concerts, presentacions, xerrades, reunions d'empreses i m\u00e9s.<\/p>\n<p>[\/et_pb_text][et_pb_button button_text=\u00bbVer disponibilidad\u00bb button_alignment=\u00bbcenter\u00bb _builder_version=\u00bb4.19.5&#8243; custom_button=\u00bbon\u00bb button_text_size=\u00bb12px\u00bb button_text_color=\u00bb#FFFFFF\u00bb button_bg_color=\u00bb#e0000f\u00bb button_border_width=\u00bb0px\u00bb button_border_radius=\u00bb0px\u00bb button_letter_spacing=\u00bb4px\u00bb button_font=\u00bb|700||on|||||\u00bb custom_margin=\u00bb2em||1em||false|false\u00bb custom_margin_tablet=\u00bb||60px||false|false\u00bb custom_margin_phone=\u00bb\u00bb custom_margin_last_edited=\u00bbon|tablet\u00bb custom_padding=\u00bb18px|30px|18px|30px|true|true\u00bb box_shadow_style=\u00bbpreset3&#8243; box_shadow_vertical=\u00bb47px\u00bb box_shadow_blur=\u00bb48px\u00bb box_shadow_spread=\u00bb0px\u00bb box_shadow_color=\u00bbrgba(100,146,188,0.15)\u00bb locked=\u00bboff\u00bb global_colors_info=\u00bb{}\u00bb][\/et_pb_button][\/et_pb_column][\/et_pb_row][\/et_pb_section][et_pb_section fb_built=\u00bb1&#8243; admin_label=\u00bbHeader\u00bb _builder_version=\u00bb4.19.5&#8243; background_color=\u00bb#FFFFFF\u00bb custom_padding=\u00bb0px||0px||true|false\u00bb locked=\u00bboff\u00bb global_colors_info=\u00bb{}\u00bb][et_pb_row column_structure=\u00bb2_3,1_3&#8243; custom_padding_last_edited=\u00bbon|phone\u00bb _builder_version=\u00bb4.19.5&#8243; background_color=\u00bb#ffffff\u00bb custom_padding=\u00bb60px|60px|0px|60px|false|true\u00bb custom_padding_tablet=\u00bb\u00bb custom_padding_phone=\u00bb|30px||30px|false|true\u00bb global_colors_info=\u00bb{}\u00bb][et_pb_column type=\u00bb2_3&#8243; _builder_version=\u00bb4.16&#8243; global_colors_info=\u00bb{}\u00bb][et_pb_text _builder_version=\u00bb4.21.0&#8243; text_font_size=\u00bb16px\u00bb text_line_height=\u00bb1.8em\u00bb header_font=\u00bbInria Serif|700|||||||\u00bb header_text_color=\u00bb#000000&#8243; header_font_size=\u00bb70px\u00bb header_line_height=\u00bb1.2em\u00bb max_width=\u00bb800px\u00bb custom_margin=\u00bb||||false|false\u00bb text_font_size_tablet=\u00bb\u00bb text_font_size_phone=\u00bb14px\u00bb text_font_size_last_edited=\u00bbon|phone\u00bb header_font_size_tablet=\u00bb48px\u00bb header_font_size_phone=\u00bb24px\u00bb header_font_size_last_edited=\u00bbon|phone\u00bb locked=\u00bboff\u00bb global_colors_info=\u00bb{}\u00bb]<\/p>\n<p>Oferim lloguer de sala de concerts, reunions, actes a Reus Tarragona, ideal per a concerts, reunions, obres de teatre, presentacions i tot tipus d\u00b4actes en general.<\/p>\n<h2>Lloguer de sala d\u00b4esdeveniments a Reus \u2013 EQUIPAMENT<\/h2>\n<p>La nostra sala d'esdeveniments disposa d'un <strong>escenari d'uns 20 metres quadrats<\/strong>. A m\u00e9s, incl\u00f2s al lloguer \u00e9s l'\u00fas de<\/p>\n<ul>\n<li>un piano de cua Yamaha C7<\/li>\n<li>bateria<\/li>\n<li>amplificadors<\/li>\n<li>altaveus i micr\u00f2fons<\/li>\n<li>taula de so<\/li>\n<li>projector<\/li>\n<li>sistema de llumin\u00e0ria espectacular.<\/li>\n<\/ul>\n<p>Tot aix\u00f2 fa de la sala d\u00b4actes un espai molt vers\u00e0til ideal per a l\u00b4organitzaci\u00f3 de concerts, xerrades o esdeveniments p\u00fablics.<\/p>\n<p>[\/et_pb_text][\/et_pb_column][et_pb_column type=\u00bb1_3&#8243; _builder_version=\u00bb4.19.5&#8243; global_colors_info=\u00bb{}\u00bb][et_pb_text _builder_version=\u00bb4.21.0&#8243; text_font_size=\u00bb16px\u00bb text_line_height=\u00bb1.8em\u00bb header_font=\u00bbInria Serif|700|||||||\u00bb header_text_color=\u00bb#000000&#8243; header_font_size=\u00bb70px\u00bb header_line_height=\u00bb1.2em\u00bb max_width=\u00bb800px\u00bb custom_margin=\u00bb||||false|false\u00bb text_font_size_tablet=\u00bb\u00bb text_font_size_phone=\u00bb14px\u00bb text_font_size_last_edited=\u00bbon|phone\u00bb header_font_size_tablet=\u00bb48px\u00bb header_font_size_phone=\u00bb24px\u00bb header_font_size_last_edited=\u00bbon|phone\u00bb locked=\u00bboff\u00bb global_colors_info=\u00bb{}\u00bb]<\/p>\n<h2>Lloguer de sala d'esdeveniments a Reus Ideal per a concerts de m\u00fasica cl\u00e0ssica a Reus<\/h2>\n<p>Amb una capacitat de fins a 87 seients, la sala \u00e9s ideal per als concerts privats de m\u00fasica cl\u00e0ssica.<\/p>\n<p>[\/et_pb_text][et_pb_cta title=\u00bbReservas\u00bb button_url=\u00bb#\u00bb button_text=\u00bbReservar\u00bb _builder_version=\u00bb4.19.5&#8243; _module_preset=\u00bbdefault\u00bb header_font=\u00bb|||on|||||\u00bb header_text_color=\u00bb#FFFFFF\u00bb body_font=\u00bb|600|||||||\u00bb body_text_color=\u00bb#FFFFFF\u00bb background_color=\u00bb#E02B20&#8243; custom_button=\u00bbon\u00bb button_text_size=\u00bb15px\u00bb button_text_color=\u00bb#FFFFFF\u00bb button_bg_color=\u00bb#000000&#8243; button_border_radius=\u00bb0px\u00bb global_colors_info=\u00bb{}\u00bb]Alquiler disponible de lunes a domingo de 9h a 20h con reserva previa.<br \/>\n[\/et_pb_cta][\/et_pb_column][\/et_pb_row][et_pb_row column_structure=\u00bb1_3,1_3,1_3&#8243; use_custom_gutter=\u00bbon\u00bb gutter_width=\u00bb2&#8243; make_equal=\u00bbon\u00bb _builder_version=\u00bb4.19.5&#8243; _module_preset=\u00bbdefault\u00bb locked=\u00bboff\u00bb global_colors_info=\u00bb{}\u00bb][et_pb_column type=\u00bb1_3&#8243; _builder_version=\u00bb4.19.5&#8243; _module_preset=\u00bbdefault\u00bb global_colors_info=\u00bb{}\u00bb][et_pb_text _builder_version=\u00bb4.19.5&#8243; _module_preset=\u00bbdefault\u00bb text_text_color=\u00bb#FFFFFF\u00bb header_3_font=\u00bb|||on|||||\u00bb header_3_text_color=\u00bb#FFFFFF\u00bb background_color=\u00bb#0C71C3&#8243; text_orientation=\u00bbcenter\u00bb min_height=\u00bb300px\u00bb animation_style=\u00bbslide\u00bb custom_css_main_element=\u00bbdisplay:flex;justify-content:center;align-items:center;\u00bb global_colors_info=\u00bb{%22gcid-e29bca70-f513-4631-9de3-185db3f30c40%22:%91%22background_color%22%93}\u00bb]<\/p>\n<h3>Sala climatitzada<\/h3>\n<p>Tant si \u00e9s un concert com si es tracta de reunions empresarials, el confort est\u00e0 assegurat.<br \/>\n[\/et_pb_text][\/et_pb_column][et_pb_column type=\u00bb1_3&#8243; _builder_version=\u00bb4.19.5&#8243; _module_preset=\u00bbdefault\u00bb global_colors_info=\u00bb{}\u00bb][et_pb_text _builder_version=\u00bb4.19.5&#8243; _module_preset=\u00bbdefault\u00bb text_text_color=\u00bb#FFFFFF\u00bb header_3_font=\u00bb|||on|||||\u00bb header_3_text_color=\u00bb#FFFFFF\u00bb background_color=\u00bb#000000&#8243; text_orientation=\u00bbcenter\u00bb min_height=\u00bb300px\u00bb animation_style=\u00bbslide\u00bb custom_css_main_element=\u00bbdisplay:flex;justify-content:center;align-items:center;\u00bb global_colors_info=\u00bb{}\u00bb]<\/p>\n<h3>Preus imbatibles<\/h3>\n<p>Contacta amb nosaltres i demana un pressupost per al lloguer de sala d'esdeveniment. Oferim preus molt competitius.<br \/>\n[\/et_pb_text][\/et_pb_column][et_pb_column type=\u00bb1_3&#8243; _builder_version=\u00bb4.19.5&#8243; _module_preset=\u00bbdefault\u00bb global_colors_info=\u00bb{}\u00bb][et_pb_text _builder_version=\u00bb4.19.5&#8243; _module_preset=\u00bbdefault\u00bb text_text_color=\u00bb#FFFFFF\u00bb header_3_font=\u00bb|||on|||||\u00bb header_3_text_color=\u00bb#FFFFFF\u00bb background_color=\u00bb#e02b20&#8243; text_orientation=\u00bbcenter\u00bb min_height=\u00bb300px\u00bb animation_style=\u00bbslide\u00bb custom_css_main_element=\u00bbdisplay:flex;justify-content:center;align-items:center;\u00bb global_colors_info=\u00bb{}\u00bb]<\/p>\n<h3>Possibilitat de lloguer fora d'horari<\/h3>\n<p>Contacta amb nosaltres per sol\u00b7licitar un pressupost a mida per organitzar el teu esdeveniment, concert, reuni\u00f3, acta p\u00fablica, etc.<br \/>\n[\/et_pb_text][\/et_pb_column][\/et_pb_row][et_pb_row column_structure=\u00bb1_3,1_3,1_3&#8243; _builder_version=\u00bb4.21.0&#8243; _module_preset=\u00bbdefault\u00bb custom_margin=\u00bb0px||||false|false\u00bb custom_padding=\u00bb0px||||false|false\u00bb global_colors_info=\u00bb{}\u00bb][et_pb_column type=\u00bb1_3&#8243; _builder_version=\u00bb4.21.0&#8243; _module_preset=\u00bbdefault\u00bb global_colors_info=\u00bb{}\u00bb][et_pb_image src=\u00bbhttps:\/\/scherzomusiccentre.com\/wp-content\/uploads\/2023\/02\/alquiler-sala-de-eventos-en-Reus-auditorio-1.jpg\u00bb alt=\u00bbalquiler de sala de eventos en Reus auditorio 1&#8243; title_text=\u00bbalquiler de sala de eventos en Reus  auditorio 1&#8243; _builder_version=\u00bb4.21.0&#8243; _module_preset=\u00bbdefault\u00bb global_colors_info=\u00bb{}\u00bb][\/et_pb_image][\/et_pb_column][et_pb_column type=\u00bb1_3&#8243; _builder_version=\u00bb4.21.0&#8243; _module_preset=\u00bbdefault\u00bb global_colors_info=\u00bb{}\u00bb][et_pb_image src=\u00bbhttps:\/\/scherzomusiccentre.com\/wp-content\/uploads\/2023\/02\/alquiler-sala-de-eventos-en-Reus-auditorio-4.jpg\u00bb alt=\u00bbalquiler de sala de eventos en Reus auditorio 4&#8243; title_text=\u00bbalquiler de sala de eventos en Reus auditorio 4&#8243; _builder_version=\u00bb4.21.0&#8243; _module_preset=\u00bbdefault\u00bb global_colors_info=\u00bb{}\u00bb][\/et_pb_image][\/et_pb_column][et_pb_column type=\u00bb1_3&#8243; _builder_version=\u00bb4.21.0&#8243; _module_preset=\u00bbdefault\u00bb global_colors_info=\u00bb{}\u00bb][et_pb_image src=\u00bbhttps:\/\/scherzomusiccentre.com\/wp-content\/uploads\/2023\/02\/alquiler-sala-de-eventos-en-Reus-auditorio-6.jpg\u00bb alt=\u00bbalquiler sala de eventos en Reus auditorio 6&#8243; title_text=\u00bbalquiler sala de eventos en Reus auditorio 6&#8243; _builder_version=\u00bb4.21.0&#8243; _module_preset=\u00bbdefault\u00bb global_colors_info=\u00bb{}\u00bb][\/et_pb_image][\/et_pb_column][\/et_pb_row][et_pb_row _builder_version=\u00bb4.21.0&#8243; _module_preset=\u00bbdefault\u00bb global_colors_info=\u00bb{}\u00bb][et_pb_column type=\u00bb4_4&#8243; _builder_version=\u00bb4.21.0&#8243; _module_preset=\u00bbdefault\u00bb global_colors_info=\u00bb{}\u00bb][et_pb_text _builder_version=\u00bb4.21.0&#8243; _module_preset=\u00bbdefault\u00bb global_colors_info=\u00bb{}\u00bb]<\/p>\n<p>A Scherzo Music Centre, oferim el lloguer de sala de reunions i concerts a Reus, dissenyada per satisfer totes les teves necessitats. La nostra sala \u00e9s l'espai ideal per fer reunions de treball, presentacions, confer\u00e8ncies o concerts. Amb una ubicaci\u00f3 convenient i equipada amb tecnologia d'avantguarda, la nostra sala proporciona l'ambient perfecte per a esdeveniments professionals i art\u00edstics a Reus.<\/p>\n<p>Contacta amb nosaltres avui mateix i t'ajudarem a fer el teu proper esdeveniment tot un \u00e8xit, a la nostra sala de reunions i concerts a Reus!<\/p>\n<p>[\/et_pb_text][\/et_pb_column][\/et_pb_row][et_pb_row custom_padding_last_edited=\u00bbon|phone\u00bb _builder_version=\u00bb4.19.5&#8243; background_color=\u00bbgcid-48fceeff-299b-473d-b6cb-7550c7bc1786&#8243; custom_padding=\u00bb100px|40px|100px|40px|true|true\u00bb custom_padding_tablet=\u00bb50px||||false|false\u00bb custom_padding_phone=\u00bb|20px||20px|false|true\u00bb global_colors_info=\u00bb{%22gcid-48fceeff-299b-473d-b6cb-7550c7bc1786%22:%91%22background_color%22%93}\u00bb][et_pb_column type=\u00bb4_4&#8243; _builder_version=\u00bb4.16&#8243; global_colors_info=\u00bb{}\u00bb][et_pb_text _builder_version=\u00bb4.21.0&#8243; header_2_font=\u00bbInria Serif|700|||||||\u00bb header_2_text_color=\u00bb#000000&#8243; header_2_font_size=\u00bb80px\u00bb header_2_line_height=\u00bb1.1em\u00bb header_3_font=\u00bb|700||on|||||\u00bb header_3_font_size=\u00bb14px\u00bb header_3_letter_spacing=\u00bb4px\u00bb header_3_line_height=\u00bb1.8em\u00bb text_orientation=\u00bbcenter\u00bb header_2_font_size_tablet=\u00bb50px\u00bb header_2_font_size_phone=\u00bb30px\u00bb header_2_font_size_last_edited=\u00bbon|phone\u00bb global_colors_info=\u00bb{}\u00bb]<\/p>\n<h3>Demana pressupost sense comprom\u00eds\u00a0<\/h3>\n<p>[\/et_pb_text][et_pb_text _builder_version=\u00bb4.21.0&#8243; text_font=\u00bbInria Serif|700|||||||\u00bb text_text_color=\u00bbgcid-9fd9b837-8faa-4941-9ad2-6551db733118&#8243; text_font_size=\u00bb80px\u00bb text_line_height=\u00bb1.1em\u00bb text_orientation=\u00bbcenter\u00bb text_font_size_tablet=\u00bb60px\u00bb text_font_size_phone=\u00bb50px\u00bb text_font_size_last_edited=\u00bbon|desktop\u00bb global_colors_info=\u00bb{%22gcid-9fd9b837-8faa-4941-9ad2-6551db733118%22:%91%22text_text_color%22%93}\u00bb]<\/p>\n<p>Contacta amb nosaltres i reserva la teva sala<\/p>\n<p>[\/et_pb_text][et_pb_button button_text=\u00bbReservas\u00bb button_alignment=\u00bbcenter\u00bb _builder_version=\u00bb4.19.5&#8243; _module_preset=\u00bbdefault\u00bb custom_button=\u00bbon\u00bb button_text_color=\u00bb#FFFFFF\u00bb button_bg_color=\u00bb#E02B20&#8243; global_colors_info=\u00bb{}\u00bb][\/et_pb_button][\/et_pb_column][\/et_pb_row][\/et_pb_section]<\/p>","protected":false},"excerpt":{"rendered":"<p>Alquiler de sala de eventos en Reus Servicio de alquiler de salas de eventos en Reus actas, reuniones, conciertos, presentaciones, charlas, reuniones de empresas y m\u00e1s.Ofrecemos alquiler de sala de conciertos, reuniones, actas en Reus Tarragona, ideal para conciertos, reuniones, obras de teatro, presentaciones y todo tipo de actas en general. Alquiler de sala de [&hellip;]<\/p>","protected":false},"author":3,"featured_media":160,"parent":0,"menu_order":0,"comment_status":"closed","ping_status":"closed","template":"","meta":{"_et_pb_use_builder":"on","_et_pb_old_content":"","_et_gb_content_width":"","_joinchat":[],"footnotes":""},"class_list":["post-571","page","type-page","status-publish","has-post-thumbnail","hentry"],"yoast_head":"<!-- This site is optimized with the Yoast SEO plugin v26.2 - https:\/\/yoast.com\/wordpress\/plugins\/seo\/ -->\n<title>Alquiler de sala de eventos en Reus Tarragona - Scherzo Music<\/title>\n<meta name=\"description\" content=\"Alquiler de sala de eventos en Reus para actos, reuniones, conciertos, presentaciones, conferencias. Escenario, equipo de m\u00fasica, iluminaci\u00f3n\" \/>\n<meta name=\"robots\" content=\"index, follow, max-snippet:-1, max-image-preview:large, max-video-preview:-1\" \/>\n<link rel=\"canonical\" href=\"https:\/\/scherzomusiccentre.com\/ca\/alquiler-sala-eventos-reus\/\" \/>\n<meta property=\"og:locale\" content=\"ca_ES\" \/>\n<meta property=\"og:type\" content=\"article\" \/>\n<meta property=\"og:title\" content=\"Alquiler de sala de eventos en Reus Tarragona - Scherzo Music\" \/>\n<meta property=\"og:description\" content=\"Alquiler de sala de eventos en Reus para actos, reuniones, conciertos, presentaciones, conferencias. Escenario, equipo de m\u00fasica, iluminaci\u00f3n\" \/>\n<meta property=\"og:url\" content=\"https:\/\/scherzomusiccentre.com\/ca\/alquiler-sala-eventos-reus\/\" \/>\n<meta property=\"og:site_name\" content=\"scherzomusiccentre.com\" \/>\n<meta property=\"article:publisher\" content=\"https:\/\/www.facebook.com\/scherzomusiccentre\/\" \/>\n<meta property=\"article:modified_time\" content=\"2023-09-28T09:54:21+00:00\" \/>\n<meta property=\"og:image\" content=\"https:\/\/scherzomusiccentre.com\/wp-content\/uploads\/2023\/02\/centro-de-musica-Tarragona-scaled.jpg\" \/>\n\t<meta property=\"og:image:width\" content=\"2560\" \/>\n\t<meta property=\"og:image:height\" content=\"1920\" \/>\n\t<meta property=\"og:image:type\" content=\"image\/jpeg\" \/>\n<meta name=\"twitter:card\" content=\"summary_large_image\" \/>\n<meta name=\"twitter:label1\" content=\"Temps estimat de lectura\" \/>\n\t<meta name=\"twitter:data1\" content=\"3 minuts\" \/>\n<script type=\"application\/ld+json\" class=\"yoast-schema-graph\">{\"@context\":\"https:\/\/schema.org\",\"@graph\":[{\"@type\":\"WebPage\",\"@id\":\"https:\/\/scherzomusiccentre.com\/alquiler-sala-eventos-reus\/\",\"url\":\"https:\/\/scherzomusiccentre.com\/alquiler-sala-eventos-reus\/\",\"name\":\"Alquiler de sala de eventos en Reus Tarragona - Scherzo Music\",\"isPartOf\":{\"@id\":\"https:\/\/scherzomusiccentre.com\/#website\"},\"primaryImageOfPage\":{\"@id\":\"https:\/\/scherzomusiccentre.com\/alquiler-sala-eventos-reus\/#primaryimage\"},\"image\":{\"@id\":\"https:\/\/scherzomusiccentre.com\/alquiler-sala-eventos-reus\/#primaryimage\"},\"thumbnailUrl\":\"https:\/\/scherzomusiccentre.com\/wp-content\/uploads\/2023\/02\/centro-de-musica-Tarragona-scaled.jpg\",\"datePublished\":\"2023-06-28T08:01:59+00:00\",\"dateModified\":\"2023-09-28T09:54:21+00:00\",\"description\":\"Alquiler de sala de eventos en Reus para actos, reuniones, conciertos, presentaciones, conferencias. Escenario, equipo de m\u00fasica, iluminaci\u00f3n\",\"breadcrumb\":{\"@id\":\"https:\/\/scherzomusiccentre.com\/alquiler-sala-eventos-reus\/#breadcrumb\"},\"inLanguage\":\"ca\",\"potentialAction\":[{\"@type\":\"ReadAction\",\"target\":[\"https:\/\/scherzomusiccentre.com\/alquiler-sala-eventos-reus\/\"]}]},{\"@type\":\"ImageObject\",\"inLanguage\":\"ca\",\"@id\":\"https:\/\/scherzomusiccentre.com\/alquiler-sala-eventos-reus\/#primaryimage\",\"url\":\"https:\/\/scherzomusiccentre.com\/wp-content\/uploads\/2023\/02\/centro-de-musica-Tarragona-scaled.jpg\",\"contentUrl\":\"https:\/\/scherzomusiccentre.com\/wp-content\/uploads\/2023\/02\/centro-de-musica-Tarragona-scaled.jpg\",\"width\":2560,\"height\":1920,\"caption\":\"centro de musica Tarragona\"},{\"@type\":\"BreadcrumbList\",\"@id\":\"https:\/\/scherzomusiccentre.com\/alquiler-sala-eventos-reus\/#breadcrumb\",\"itemListElement\":[{\"@type\":\"ListItem\",\"position\":1,\"name\":\"Portada\",\"item\":\"https:\/\/scherzomusiccentre.com\/\"},{\"@type\":\"ListItem\",\"position\":2,\"name\":\"Alquiler sala de eventos en Reus\"}]},{\"@type\":\"WebSite\",\"@id\":\"https:\/\/scherzomusiccentre.com\/#website\",\"url\":\"https:\/\/scherzomusiccentre.com\/\",\"name\":\"scherzomusiccentre.com\",\"description\":\"Escuela de m\u00fasica y Salas de Eventos\",\"publisher\":{\"@id\":\"https:\/\/scherzomusiccentre.com\/#organization\"},\"alternateName\":\"Scherzo MC\",\"potentialAction\":[{\"@type\":\"SearchAction\",\"target\":{\"@type\":\"EntryPoint\",\"urlTemplate\":\"https:\/\/scherzomusiccentre.com\/?s={search_term_string}\"},\"query-input\":{\"@type\":\"PropertyValueSpecification\",\"valueRequired\":true,\"valueName\":\"search_term_string\"}}],\"inLanguage\":\"ca\"},{\"@type\":\"Organization\",\"@id\":\"https:\/\/scherzomusiccentre.com\/#organization\",\"name\":\"Scherzo Music Centre Escuela de Musica y Centro de Eventos\",\"url\":\"https:\/\/scherzomusiccentre.com\/\",\"logo\":{\"@type\":\"ImageObject\",\"inLanguage\":\"ca\",\"@id\":\"https:\/\/scherzomusiccentre.com\/#\/schema\/logo\/image\/\",\"url\":\"https:\/\/scherzomusiccentre.com\/wp-content\/uploads\/2023\/02\/84eef3d1906a04233e5e1d08726e98e4_668x244.jpg\",\"contentUrl\":\"https:\/\/scherzomusiccentre.com\/wp-content\/uploads\/2023\/02\/84eef3d1906a04233e5e1d08726e98e4_668x244.jpg\",\"width\":668,\"height\":244,\"caption\":\"Scherzo Music Centre Escuela de Musica y Centro de Eventos\"},\"image\":{\"@id\":\"https:\/\/scherzomusiccentre.com\/#\/schema\/logo\/image\/\"},\"sameAs\":[\"https:\/\/www.facebook.com\/scherzomusiccentre\/\",\"https:\/\/www.instagram.com\/scherzomusiccentre\/?hl=es\"]}]}<\/script>\n<!-- \/ Yoast SEO plugin. -->","yoast_head_json":{"title":"Alquiler de sala de eventos en Reus Tarragona - Scherzo Music","description":"Alquiler de sala de eventos en Reus para actos, reuniones, conciertos, presentaciones, conferencias. Escenario, equipo de m\u00fasica, iluminaci\u00f3n","robots":{"index":"index","follow":"follow","max-snippet":"max-snippet:-1","max-image-preview":"max-image-preview:large","max-video-preview":"max-video-preview:-1"},"canonical":"https:\/\/scherzomusiccentre.com\/ca\/alquiler-sala-eventos-reus\/","og_locale":"ca_ES","og_type":"article","og_title":"Alquiler de sala de eventos en Reus Tarragona - Scherzo Music","og_description":"Alquiler de sala de eventos en Reus para actos, reuniones, conciertos, presentaciones, conferencias. Escenario, equipo de m\u00fasica, iluminaci\u00f3n","og_url":"https:\/\/scherzomusiccentre.com\/ca\/alquiler-sala-eventos-reus\/","og_site_name":"scherzomusiccentre.com","article_publisher":"https:\/\/www.facebook.com\/scherzomusiccentre\/","article_modified_time":"2023-09-28T09:54:21+00:00","og_image":[{"width":2560,"height":1920,"url":"https:\/\/scherzomusiccentre.com\/wp-content\/uploads\/2023\/02\/centro-de-musica-Tarragona-scaled.jpg","type":"image\/jpeg"}],"twitter_card":"summary_large_image","twitter_misc":{"Temps estimat de lectura":"3 minuts"},"schema":{"@context":"https:\/\/schema.org","@graph":[{"@type":"WebPage","@id":"https:\/\/scherzomusiccentre.com\/alquiler-sala-eventos-reus\/","url":"https:\/\/scherzomusiccentre.com\/alquiler-sala-eventos-reus\/","name":"Alquiler de sala de eventos en Reus Tarragona - Scherzo Music","isPartOf":{"@id":"https:\/\/scherzomusiccentre.com\/#website"},"primaryImageOfPage":{"@id":"https:\/\/scherzomusiccentre.com\/alquiler-sala-eventos-reus\/#primaryimage"},"image":{"@id":"https:\/\/scherzomusiccentre.com\/alquiler-sala-eventos-reus\/#primaryimage"},"thumbnailUrl":"https:\/\/scherzomusiccentre.com\/wp-content\/uploads\/2023\/02\/centro-de-musica-Tarragona-scaled.jpg","datePublished":"2023-06-28T08:01:59+00:00","dateModified":"2023-09-28T09:54:21+00:00","description":"Alquiler de sala de eventos en Reus para actos, reuniones, conciertos, presentaciones, conferencias. Escenario, equipo de m\u00fasica, iluminaci\u00f3n","breadcrumb":{"@id":"https:\/\/scherzomusiccentre.com\/alquiler-sala-eventos-reus\/#breadcrumb"},"inLanguage":"ca","potentialAction":[{"@type":"ReadAction","target":["https:\/\/scherzomusiccentre.com\/alquiler-sala-eventos-reus\/"]}]},{"@type":"ImageObject","inLanguage":"ca","@id":"https:\/\/scherzomusiccentre.com\/alquiler-sala-eventos-reus\/#primaryimage","url":"https:\/\/scherzomusiccentre.com\/wp-content\/uploads\/2023\/02\/centro-de-musica-Tarragona-scaled.jpg","contentUrl":"https:\/\/scherzomusiccentre.com\/wp-content\/uploads\/2023\/02\/centro-de-musica-Tarragona-scaled.jpg","width":2560,"height":1920,"caption":"centro de musica Tarragona"},{"@type":"BreadcrumbList","@id":"https:\/\/scherzomusiccentre.com\/alquiler-sala-eventos-reus\/#breadcrumb","itemListElement":[{"@type":"ListItem","position":1,"name":"Portada","item":"https:\/\/scherzomusiccentre.com\/"},{"@type":"ListItem","position":2,"name":"Alquiler sala de eventos en Reus"}]},{"@type":"WebSite","@id":"https:\/\/scherzomusiccentre.com\/#website","url":"https:\/\/scherzomusiccentre.com\/","name":"scherzomusiccentre.com","description":"Escuela de m\u00fasica y Salas de Eventos","publisher":{"@id":"https:\/\/scherzomusiccentre.com\/#organization"},"alternateName":"Scherzo MC","potentialAction":[{"@type":"SearchAction","target":{"@type":"EntryPoint","urlTemplate":"https:\/\/scherzomusiccentre.com\/?s={search_term_string}"},"query-input":{"@type":"PropertyValueSpecification","valueRequired":true,"valueName":"search_term_string"}}],"inLanguage":"ca"},{"@type":"Organization","@id":"https:\/\/scherzomusiccentre.com\/#organization","name":"Scherzo Music Centre Escuela de Musica y Centro de Eventos","url":"https:\/\/scherzomusiccentre.com\/","logo":{"@type":"ImageObject","inLanguage":"ca","@id":"https:\/\/scherzomusiccentre.com\/#\/schema\/logo\/image\/","url":"https:\/\/scherzomusiccentre.com\/wp-content\/uploads\/2023\/02\/84eef3d1906a04233e5e1d08726e98e4_668x244.jpg","contentUrl":"https:\/\/scherzomusiccentre.com\/wp-content\/uploads\/2023\/02\/84eef3d1906a04233e5e1d08726e98e4_668x244.jpg","width":668,"height":244,"caption":"Scherzo Music Centre Escuela de Musica y Centro de Eventos"},"image":{"@id":"https:\/\/scherzomusiccentre.com\/#\/schema\/logo\/image\/"},"sameAs":["https:\/\/www.facebook.com\/scherzomusiccentre\/","https:\/\/www.instagram.com\/scherzomusiccentre\/?hl=es"]}]}},"_links":{"self":[{"href":"https:\/\/scherzomusiccentre.com\/ca\/wp-json\/wp\/v2\/pages\/571","targetHints":{"allow":["GET"]}}],"collection":[{"href":"https:\/\/scherzomusiccentre.com\/ca\/wp-json\/wp\/v2\/pages"}],"about":[{"href":"https:\/\/scherzomusiccentre.com\/ca\/wp-json\/wp\/v2\/types\/page"}],"author":[{"embeddable":true,"href":"https:\/\/scherzomusiccentre.com\/ca\/wp-json\/wp\/v2\/users\/3"}],"replies":[{"embeddable":true,"href":"https:\/\/scherzomusiccentre.com\/ca\/wp-json\/wp\/v2\/comments?post=571"}],"version-history":[{"count":4,"href":"https:\/\/scherzomusiccentre.com\/ca\/wp-json\/wp\/v2\/pages\/571\/revisions"}],"predecessor-version":[{"id":657,"href":"https:\/\/scherzomusiccentre.com\/ca\/wp-json\/wp\/v2\/pages\/571\/revisions\/657"}],"wp:featuredmedia":[{"embeddable":true,"href":"https:\/\/scherzomusiccentre.com\/ca\/wp-json\/wp\/v2\/media\/160"}],"wp:attachment":[{"href":"https:\/\/scherzomusiccentre.com\/ca\/wp-json\/wp\/v2\/media?parent=571"}],"curies":[{"name":"wp","href":"https:\/\/api.w.org\/{rel}","templated":true}]}}