{"id":172,"date":"2023-02-08T13:24:57","date_gmt":"2023-02-08T13:24:57","guid":{"rendered":"https:\/\/scherzomusiccentre.com\/?page_id=172"},"modified":"2023-03-23T10:43:10","modified_gmt":"2023-03-23T10:43:10","slug":"alquiler-sala-ensayo-grupos","status":"publish","type":"page","link":"https:\/\/scherzomusiccentre.com\/ca\/alquiler-sala-ensayo-grupos\/","title":{"rendered":"Lloguer de sala d'assaig per a grups a Reus"},"content":{"rendered":"<p>[et_pb_section fb_built=\u00bb1&#8243; custom_padding_last_edited=\u00bbon|tablet\u00bb _builder_version=\u00bb4.19.5&#8243; _module_preset=\u00bbdefault\u00bb background_image=\u00bbhttps:\/\/scherzomusiccentre.com\/wp-content\/uploads\/2023\/02\/alquiler-sala-ensayo-grupo-musica-en-Reus-Tarragona-3-scaled.jpg\u00bb custom_padding=\u00bb49vh||0px||false|false\u00bb custom_padding_tablet=\u00bb36vh||||false|false\u00bb custom_padding_phone=\u00bb21vh||||false|false\u00bb global_colors_info=\u00bb{}\u00bb][et_pb_row _builder_version=\u00bb4.19.5&#8243; _module_preset=\u00bbdefault\u00bb background_color=\u00bbrgba(255,255,255,0.82)\u00bb custom_padding=\u00bb|1em||1em|false|true\u00bb global_colors_info=\u00bb{}\u00bb][et_pb_column type=\u00bb4_4&#8243; _builder_version=\u00bb4.19.5&#8243; _module_preset=\u00bbdefault\u00bb global_colors_info=\u00bb{}\u00bb][et_pb_text _builder_version=\u00bb4.19.5&#8243; _module_preset=\u00bbdefault\u00bb text_font=\u00bb|600|||||||\u00bb text_text_color=\u00bb#333333&#8243; text_font_size=\u00bb20px\u00bb header_font=\u00bb|700||on|||||\u00bb header_text_align=\u00bbcenter\u00bb header_line_height=\u00bb1.2em\u00bb header_2_font=\u00bb|||on|||||\u00bb text_orientation=\u00bbcenter\u00bb header_font_size_tablet=\u00bb\u00bb header_font_size_phone=\u00bb20px\u00bb header_font_size_last_edited=\u00bbon|phone\u00bb global_colors_info=\u00bb{}\u00bb]<\/p>\n<h1 style=\"max-width: 800px; margin-left: auto; margin-right: auto;\">Lloguer de sala d'assaig per a grups a Reus Scherzo MC<\/h1>\n<p>\u00bfBusca una <strong>sala d'assaig per a grups musicals a Reus<\/strong> Tarragona?<\/p>\n<p>Scherzo Music Centre ofereix un <strong>local d'assaig per a grups de m\u00fasica a Reus<\/strong> en alquiler por horas.<\/p>\n<p>&nbsp;<\/p>\n<p>[\/et_pb_text][et_pb_button button_url=\u00bb@ET-DC@eyJkeW5hbWljIjp0cnVlLCJjb250ZW50IjoicG9zdF9saW5rX3VybF9wYWdlIiwic2V0dGluZ3MiOnsicG9zdF9pZCI6IjQyNCJ9fQ==@\u00bb button_text=\u00bbVer disponibilidad\u00bb button_alignment=\u00bbcenter\u00bb _builder_version=\u00bb4.20.2&#8243; _dynamic_attributes=\u00bbbutton_url\u00bb custom_button=\u00bbon\u00bb button_text_size=\u00bb12px\u00bb button_text_color=\u00bb#FFFFFF\u00bb button_bg_color=\u00bb#e0000f\u00bb button_border_width=\u00bb0px\u00bb button_border_radius=\u00bb0px\u00bb button_letter_spacing=\u00bb4px\u00bb button_font=\u00bb|700||on|||||\u00bb custom_margin=\u00bb2em||1em||false|false\u00bb custom_margin_tablet=\u00bb||60px||false|false\u00bb custom_margin_phone=\u00bb\u00bb custom_margin_last_edited=\u00bbon|tablet\u00bb custom_padding=\u00bb18px|30px|18px|30px|true|true\u00bb hover_enabled=\u00bb0&#8243; box_shadow_style=\u00bbpreset3&#8243; box_shadow_vertical=\u00bb47px\u00bb box_shadow_blur=\u00bb48px\u00bb box_shadow_spread=\u00bb0px\u00bb box_shadow_color=\u00bbrgba(100,146,188,0.15)\u00bb locked=\u00bboff\u00bb global_colors_info=\u00bb{}\u00bb sticky_enabled=\u00bb0&#8243;][\/et_pb_button][\/et_pb_column][\/et_pb_row][\/et_pb_section][et_pb_section fb_built=\u00bb1&#8243; _builder_version=\u00bb4.19.5&#8243; _module_preset=\u00bbdefault\u00bb global_colors_info=\u00bb{}\u00bb][et_pb_row _builder_version=\u00bb4.19.5&#8243; _module_preset=\u00bbdefault\u00bb global_colors_info=\u00bb{}\u00bb][et_pb_column type=\u00bb4_4&#8243; _builder_version=\u00bb4.19.5&#8243; _module_preset=\u00bbdefault\u00bb global_colors_info=\u00bb{}\u00bb][et_pb_text _builder_version=\u00bb4.19.5&#8243; _module_preset=\u00bbdefault\u00bb text_font_size=\u00bb16px\u00bb header_2_font=\u00bb|||on|||||\u00bb header_2_text_align=\u00bbcenter\u00bb header_2_font_size=\u00bb22px\u00bb header_3_font=\u00bb|||on|||||\u00bb header_3_text_align=\u00bbcenter\u00bb header_3_text_color=\u00bb#E02B20&#8243; header_3_font_size=\u00bb16px\u00bb header_3_line_height=\u00bb1.3em\u00bb global_colors_info=\u00bb{}\u00bb]<\/p>\n<p>Posem a la vostra disposici\u00f3 el <strong>lloguer d\u00b4una sala d\u00b4assaig de 25 metres quadrats<\/strong>, insonoritzada i amb llum natural, ideada pel <strong>assaig de grups de m\u00fasica<\/strong>.<\/p>\n<h2>Equipament incl\u00f2s al lloguer de sala d'assaig per a grups<\/h2>\n<p>Aquesta sala est\u00e0 equipada amb una <strong>bateria<\/strong>, <strong>piano electr\u00f2nic<\/strong>, <strong>amplificadors<\/strong>, <strong>micr\u00f2fons<\/strong>, <strong>altaveus<\/strong>, <strong>taula de so i faristols<\/strong>.<\/p>\n<h3 style=\"margin-top: 2em;\">Si tens un projecte musical, Scherzo Music Centre Reus \u00e9s el lloc ideal per assajar<\/h3>\n<h2>Avantatges del nostre lloguer de sala musical per hores<\/h2>\n<p>Si voleu practicar amb el vostre grup musical, assajar per a una actuaci\u00f3 o simplement practicar junts, llogar una sala d'assaig per a grups a Scherzo MC Reus \u00e9s la millor soluci\u00f3.<\/p>\n<p>Aprofita la insonoritzaci\u00f3 de la nostra sala per assajar al m\u00e0xim sense preocupar-te per causar mol\u00e8sties als ve\u00efns.<\/p>\n<p>Concentra't i maximitza la creativitat sense mol\u00e8sties ni interrupcions de l'exterior. L'avantatge de la sala insonoritzada \u00e9s que tampoc no et molestaran els sorolls externs i el teu grup es podr\u00e0 concentrar en la m\u00fasica.<\/p>\n<p>[\/et_pb_text][\/et_pb_column][\/et_pb_row][et_pb_row column_structure=\u00bb1_2,1_2&#8243; use_custom_gutter=\u00bbon\u00bb gutter_width=\u00bb2&#8243; make_equal=\u00bbon\u00bb _builder_version=\u00bb4.19.5&#8243; _module_preset=\u00bbdefault\u00bb global_colors_info=\u00bb{}\u00bb][et_pb_column type=\u00bb1_2&#8243; _builder_version=\u00bb4.19.5&#8243; _module_preset=\u00bbdefault\u00bb global_colors_info=\u00bb{}\u00bb][et_pb_text _builder_version=\u00bb4.19.5&#8243; _module_preset=\u00bbdefault\u00bb text_text_color=\u00bb#FFFFFF\u00bb header_3_font=\u00bb|||on|||||\u00bb header_3_text_color=\u00bb#FFFFFF\u00bb background_color=\u00bbgcid-9fd9b837-8faa-4941-9ad2-6551db733118&#8243; text_orientation=\u00bbcenter\u00bb min_height=\u00bb300px\u00bb animation_style=\u00bbslide\u00bb custom_css_main_element=\u00bbdisplay:flex;justify-content:center;align-items:center;\u00bb global_colors_info=\u00bb{%22gcid-9fd9b837-8faa-4941-9ad2-6551db733118%22:%91%22background_color%22%93}\u00bb]<\/p>\n<h3>Horari<\/h3>\n<p>De dilluns a divendres<\/p>\n<p>9-13 y 15-20<\/p>\n<p>Dissabte<br \/>10-13 16-20<\/p>\n<p>Diumenge<br \/>10-13 16-20<\/p>\n<p>[\/et_pb_text][\/et_pb_column][et_pb_column type=\u00bb1_2&#8243; _builder_version=\u00bb4.19.5&#8243; _module_preset=\u00bbdefault\u00bb global_colors_info=\u00bb{}\u00bb][et_pb_text _builder_version=\u00bb4.19.5&#8243; _module_preset=\u00bbdefault\u00bb text_text_color=\u00bb#FFFFFF\u00bb header_3_font=\u00bb|||on|||||\u00bb header_3_text_color=\u00bb#FFFFFF\u00bb background_color=\u00bb#000000&#8243; text_orientation=\u00bbcenter\u00bb min_height=\u00bb300px\u00bb animation_style=\u00bbslide\u00bb custom_css_main_element=\u00bbdisplay:flex;justify-content:center;align-items:center;\u00bb global_colors_info=\u00bb{}\u00bb]<\/p>\n<h3>Preus<\/h3>\n<p><span>De dilluns a divendres i dissabtes al mat\u00ed<\/span><\/p>\n<p>1 hora 12\u20ac<br \/>M\u00e9s de 1,5 hores 10\u20ac\/hora<br \/><span style=\"font-size: 11px;\">(ej. 1,5 horas = 15\u20ac, 2h = 20\u20ac, 2,5h = 25\u20ac, etc.)<\/span><\/p>\n<p>Dissabte a la tarda i Diumenge<br \/>15\u20ac \/ hora<\/p>\n<p>[\/et_pb_text][\/et_pb_column][\/et_pb_row][et_pb_row _builder_version=\u00bb4.19.5&#8243; _module_preset=\u00bbdefault\u00bb width=\u00bb100%\u00bb module_alignment=\u00bbcenter\u00bb custom_margin=\u00bb0px||0px||true|false\u00bb custom_padding=\u00bb0px||0px||true|false\u00bb global_colors_info=\u00bb{}\u00bb][et_pb_column type=\u00bb4_4&#8243; _builder_version=\u00bb4.19.5&#8243; _module_preset=\u00bbdefault\u00bb global_colors_info=\u00bb{}\u00bb][et_pb_code _builder_version=\u00bb4.19.5&#8243; _module_preset=\u00bbdefault\u00bb global_colors_info=\u00bb{}\u00bb][\/et_pb_code][\/et_pb_column][\/et_pb_row][et_pb_row _builder_version=\u00bb4.19.5&#8243; _module_preset=\u00bbdefault\u00bb global_colors_info=\u00bb{}\u00bb][et_pb_column type=\u00bb4_4&#8243; _builder_version=\u00bb4.19.5&#8243; _module_preset=\u00bbdefault\u00bb global_colors_info=\u00bb{}\u00bb][et_pb_text _builder_version=\u00bb4.19.5&#8243; _module_preset=\u00bbdefault\u00bb text_font_size=\u00bb16px\u00bb header_2_font=\u00bb|||on|||||\u00bb header_2_text_align=\u00bbcenter\u00bb header_3_font=\u00bb|||on|||||\u00bb header_3_text_align=\u00bbcenter\u00bb header_3_text_color=\u00bb#E02B20&#8243; header_3_font_size=\u00bb16px\u00bb header_3_line_height=\u00bb1.3em\u00bb global_colors_info=\u00bb{}\u00bb]<\/p>\n<h2>Climatitzaci\u00f3 de la sala d'assaig per a grups<\/h2>\n<p>Les instal\u00b7lacions disposen d'aire condicionat (fred-calor) i de renovaci\u00f3 d'aire, incloent-hi les sales d'assaig per hores. La sala es pot mantenir la temperatura ideal tant a l'estiu com a l'hivern per al m\u00e0xim confort durant l'assaig.\u00a0<\/p>\n<p>[\/et_pb_text][et_pb_text _builder_version=\u00bb4.19.5&#8243; _module_preset=\u00bbdefault\u00bb text_font_size=\u00bb16px\u00bb header_2_font=\u00bb|||on|||||\u00bb header_2_text_align=\u00bbcenter\u00bb header_3_font=\u00bb|||on|||||\u00bb header_3_text_align=\u00bbcenter\u00bb header_3_text_color=\u00bb#E02B20&#8243; header_3_font_size=\u00bb16px\u00bb header_3_line_height=\u00bb1.3em\u00bb global_colors_info=\u00bb{}\u00bb]<\/p>\n<h2>Equip addicional<\/h2>\n<p>Si necessiteu equip addicional a l'equip incl\u00f2s amb la sala, si us plau contacteu amb nosaltres i consulteu disponibilitat abans de fer la vostra reserva.\u00a0<\/p>\n<p>[\/et_pb_text][et_pb_cta title=\u00bbSalas para ensayo individual y grupos de c\u00e1mara\u00bb button_url=\u00bb@ET-DC@eyJkeW5hbWljIjp0cnVlLCJjb250ZW50IjoicG9zdF9saW5rX3VybF9wYWdlIiwic2V0dGluZ3MiOnsicG9zdF9pZCI6IjE0MyJ9fQ==@\u00bb button_text=\u00bbVer salas de estudio\u00bb _builder_version=\u00bb4.20.2&#8243; _dynamic_attributes=\u00bbbutton_url\u00bb _module_preset=\u00bbdefault\u00bb background_color=\u00bb#000000&#8243; custom_button=\u00bbon\u00bb button_bg_color=\u00bb#E02B20&#8243; button_border_width=\u00bb0px\u00bb button_border_radius=\u00bb0px\u00bb global_colors_info=\u00bb{}\u00bb]<\/p>\n<p>Si prefereixes assajar sol o no necessites tant d'espai, disposem de sales amb piano per a assaig en solitari i grups de m\u00fasica de cambra.<\/p>\n<p>[\/et_pb_cta][\/et_pb_column][\/et_pb_row][\/et_pb_section]<\/p>","protected":false},"excerpt":{"rendered":"<p>Alquiler de sala de ensayo para grupos en Reus Scherzo MC \u00bfBusca una sala de ensayo para grupos musicales en Reus Tarragona? Scherzo Music Centre ofrece un local de ensayo para grupos de m\u00fasica en Reus en alquiler por horas. &nbsp;Ponemos a su disposici\u00f3n el alquiler de una sala de ensayo de 25 metros cuadrados, [&hellip;]<\/p>","protected":false},"author":3,"featured_media":96,"parent":0,"menu_order":0,"comment_status":"closed","ping_status":"closed","template":"","meta":{"_et_pb_use_builder":"on","_et_pb_old_content":"","_et_gb_content_width":"","_joinchat":[],"footnotes":""},"class_list":["post-172","page","type-page","status-publish","has-post-thumbnail","hentry"],"yoast_head":"<!-- This site is optimized with the Yoast SEO plugin v26.2 - https:\/\/yoast.com\/wordpress\/plugins\/seo\/ -->\n<title>Alquiler de sala de ensayo grupos en Reus<\/title>\n<meta name=\"description\" content=\"Alquiler de sala de ensayo para grupos musicales en Reus Tarragona - alquilamos sala con aislamiento ac\u00fastico para ensayos de grupo musical\" \/>\n<meta name=\"robots\" content=\"index, follow, max-snippet:-1, max-image-preview:large, max-video-preview:-1\" \/>\n<link rel=\"canonical\" href=\"https:\/\/scherzomusiccentre.com\/ca\/alquiler-sala-ensayo-grupos\/\" \/>\n<meta property=\"og:locale\" content=\"ca_ES\" \/>\n<meta property=\"og:type\" content=\"article\" \/>\n<meta property=\"og:title\" content=\"Alquiler de sala de ensayo grupos en Reus\" \/>\n<meta property=\"og:description\" content=\"Alquiler de sala de ensayo para grupos musicales en Reus Tarragona - alquilamos sala con aislamiento ac\u00fastico para ensayos de grupo musical\" \/>\n<meta property=\"og:url\" content=\"https:\/\/scherzomusiccentre.com\/ca\/alquiler-sala-ensayo-grupos\/\" \/>\n<meta property=\"og:site_name\" content=\"scherzomusiccentre.com\" \/>\n<meta property=\"article:publisher\" content=\"https:\/\/www.facebook.com\/scherzomusiccentre\/\" \/>\n<meta property=\"article:modified_time\" content=\"2023-03-23T10:43:10+00:00\" \/>\n<meta property=\"og:image\" content=\"https:\/\/scherzomusiccentre.com\/wp-content\/uploads\/2023\/02\/sala-ensayos-grupos.jpg\" \/>\n\t<meta property=\"og:image:width\" content=\"600\" \/>\n\t<meta property=\"og:image:height\" content=\"350\" \/>\n\t<meta property=\"og:image:type\" content=\"image\/jpeg\" \/>\n<meta name=\"twitter:card\" content=\"summary_large_image\" \/>\n<meta name=\"twitter:label1\" content=\"Temps estimat de lectura\" \/>\n\t<meta name=\"twitter:data1\" content=\"1 minut\" \/>\n<script type=\"application\/ld+json\" class=\"yoast-schema-graph\">{\"@context\":\"https:\/\/schema.org\",\"@graph\":[{\"@type\":\"WebPage\",\"@id\":\"https:\/\/scherzomusiccentre.com\/alquiler-sala-ensayo-grupos\/\",\"url\":\"https:\/\/scherzomusiccentre.com\/alquiler-sala-ensayo-grupos\/\",\"name\":\"Alquiler de sala de ensayo grupos en Reus\",\"isPartOf\":{\"@id\":\"https:\/\/scherzomusiccentre.com\/#website\"},\"primaryImageOfPage\":{\"@id\":\"https:\/\/scherzomusiccentre.com\/alquiler-sala-ensayo-grupos\/#primaryimage\"},\"image\":{\"@id\":\"https:\/\/scherzomusiccentre.com\/alquiler-sala-ensayo-grupos\/#primaryimage\"},\"thumbnailUrl\":\"https:\/\/scherzomusiccentre.com\/wp-content\/uploads\/2023\/02\/sala-ensayos-grupos.jpg\",\"datePublished\":\"2023-02-08T13:24:57+00:00\",\"dateModified\":\"2023-03-23T10:43:10+00:00\",\"description\":\"Alquiler de sala de ensayo para grupos musicales en Reus Tarragona - alquilamos sala con aislamiento ac\u00fastico para ensayos de grupo musical\",\"breadcrumb\":{\"@id\":\"https:\/\/scherzomusiccentre.com\/alquiler-sala-ensayo-grupos\/#breadcrumb\"},\"inLanguage\":\"ca\",\"potentialAction\":[{\"@type\":\"ReadAction\",\"target\":[\"https:\/\/scherzomusiccentre.com\/alquiler-sala-ensayo-grupos\/\"]}]},{\"@type\":\"ImageObject\",\"inLanguage\":\"ca\",\"@id\":\"https:\/\/scherzomusiccentre.com\/alquiler-sala-ensayo-grupos\/#primaryimage\",\"url\":\"https:\/\/scherzomusiccentre.com\/wp-content\/uploads\/2023\/02\/sala-ensayos-grupos.jpg\",\"contentUrl\":\"https:\/\/scherzomusiccentre.com\/wp-content\/uploads\/2023\/02\/sala-ensayos-grupos.jpg\",\"width\":600,\"height\":350,\"caption\":\"sala ensayos grupos\"},{\"@type\":\"BreadcrumbList\",\"@id\":\"https:\/\/scherzomusiccentre.com\/alquiler-sala-ensayo-grupos\/#breadcrumb\",\"itemListElement\":[{\"@type\":\"ListItem\",\"position\":1,\"name\":\"Portada\",\"item\":\"https:\/\/scherzomusiccentre.com\/\"},{\"@type\":\"ListItem\",\"position\":2,\"name\":\"Alquiler de sala de ensayo grupos en Reus\"}]},{\"@type\":\"WebSite\",\"@id\":\"https:\/\/scherzomusiccentre.com\/#website\",\"url\":\"https:\/\/scherzomusiccentre.com\/\",\"name\":\"scherzomusiccentre.com\",\"description\":\"Escuela de m\u00fasica y Salas de Eventos\",\"publisher\":{\"@id\":\"https:\/\/scherzomusiccentre.com\/#organization\"},\"alternateName\":\"Scherzo MC\",\"potentialAction\":[{\"@type\":\"SearchAction\",\"target\":{\"@type\":\"EntryPoint\",\"urlTemplate\":\"https:\/\/scherzomusiccentre.com\/?s={search_term_string}\"},\"query-input\":{\"@type\":\"PropertyValueSpecification\",\"valueRequired\":true,\"valueName\":\"search_term_string\"}}],\"inLanguage\":\"ca\"},{\"@type\":\"Organization\",\"@id\":\"https:\/\/scherzomusiccentre.com\/#organization\",\"name\":\"Scherzo Music Centre Escuela de Musica y Centro de Eventos\",\"url\":\"https:\/\/scherzomusiccentre.com\/\",\"logo\":{\"@type\":\"ImageObject\",\"inLanguage\":\"ca\",\"@id\":\"https:\/\/scherzomusiccentre.com\/#\/schema\/logo\/image\/\",\"url\":\"https:\/\/scherzomusiccentre.com\/wp-content\/uploads\/2023\/02\/84eef3d1906a04233e5e1d08726e98e4_668x244.jpg\",\"contentUrl\":\"https:\/\/scherzomusiccentre.com\/wp-content\/uploads\/2023\/02\/84eef3d1906a04233e5e1d08726e98e4_668x244.jpg\",\"width\":668,\"height\":244,\"caption\":\"Scherzo Music Centre Escuela de Musica y Centro de Eventos\"},\"image\":{\"@id\":\"https:\/\/scherzomusiccentre.com\/#\/schema\/logo\/image\/\"},\"sameAs\":[\"https:\/\/www.facebook.com\/scherzomusiccentre\/\",\"https:\/\/www.instagram.com\/scherzomusiccentre\/?hl=es\"]}]}<\/script>\n<!-- \/ Yoast SEO plugin. -->","yoast_head_json":{"title":"Lloguer de sala d'assaig per a grups a Reus","description":"Alquiler de sala de ensayo para grupos musicales en Reus Tarragona - alquilamos sala con aislamiento ac\u00fastico para ensayos de grupo musical","robots":{"index":"index","follow":"follow","max-snippet":"max-snippet:-1","max-image-preview":"max-image-preview:large","max-video-preview":"max-video-preview:-1"},"canonical":"https:\/\/scherzomusiccentre.com\/ca\/alquiler-sala-ensayo-grupos\/","og_locale":"ca_ES","og_type":"article","og_title":"Alquiler de sala de ensayo grupos en Reus","og_description":"Alquiler de sala de ensayo para grupos musicales en Reus Tarragona - alquilamos sala con aislamiento ac\u00fastico para ensayos de grupo musical","og_url":"https:\/\/scherzomusiccentre.com\/ca\/alquiler-sala-ensayo-grupos\/","og_site_name":"scherzomusiccentre.com","article_publisher":"https:\/\/www.facebook.com\/scherzomusiccentre\/","article_modified_time":"2023-03-23T10:43:10+00:00","og_image":[{"width":600,"height":350,"url":"https:\/\/scherzomusiccentre.com\/wp-content\/uploads\/2023\/02\/sala-ensayos-grupos.jpg","type":"image\/jpeg"}],"twitter_card":"summary_large_image","twitter_misc":{"Temps estimat de lectura":"1 minut"},"schema":{"@context":"https:\/\/schema.org","@graph":[{"@type":"WebPage","@id":"https:\/\/scherzomusiccentre.com\/alquiler-sala-ensayo-grupos\/","url":"https:\/\/scherzomusiccentre.com\/alquiler-sala-ensayo-grupos\/","name":"Lloguer de sala d'assaig per a grups a Reus","isPartOf":{"@id":"https:\/\/scherzomusiccentre.com\/#website"},"primaryImageOfPage":{"@id":"https:\/\/scherzomusiccentre.com\/alquiler-sala-ensayo-grupos\/#primaryimage"},"image":{"@id":"https:\/\/scherzomusiccentre.com\/alquiler-sala-ensayo-grupos\/#primaryimage"},"thumbnailUrl":"https:\/\/scherzomusiccentre.com\/wp-content\/uploads\/2023\/02\/sala-ensayos-grupos.jpg","datePublished":"2023-02-08T13:24:57+00:00","dateModified":"2023-03-23T10:43:10+00:00","description":"Alquiler de sala de ensayo para grupos musicales en Reus Tarragona - alquilamos sala con aislamiento ac\u00fastico para ensayos de grupo musical","breadcrumb":{"@id":"https:\/\/scherzomusiccentre.com\/alquiler-sala-ensayo-grupos\/#breadcrumb"},"inLanguage":"ca","potentialAction":[{"@type":"ReadAction","target":["https:\/\/scherzomusiccentre.com\/alquiler-sala-ensayo-grupos\/"]}]},{"@type":"ImageObject","inLanguage":"ca","@id":"https:\/\/scherzomusiccentre.com\/alquiler-sala-ensayo-grupos\/#primaryimage","url":"https:\/\/scherzomusiccentre.com\/wp-content\/uploads\/2023\/02\/sala-ensayos-grupos.jpg","contentUrl":"https:\/\/scherzomusiccentre.com\/wp-content\/uploads\/2023\/02\/sala-ensayos-grupos.jpg","width":600,"height":350,"caption":"sala ensayos grupos"},{"@type":"BreadcrumbList","@id":"https:\/\/scherzomusiccentre.com\/alquiler-sala-ensayo-grupos\/#breadcrumb","itemListElement":[{"@type":"ListItem","position":1,"name":"Portada","item":"https:\/\/scherzomusiccentre.com\/"},{"@type":"ListItem","position":2,"name":"Alquiler de sala de ensayo grupos en Reus"}]},{"@type":"WebSite","@id":"https:\/\/scherzomusiccentre.com\/#website","url":"https:\/\/scherzomusiccentre.com\/","name":"scherzomusiccentre.com","description":"Escuela de m\u00fasica y Salas de Eventos","publisher":{"@id":"https:\/\/scherzomusiccentre.com\/#organization"},"alternateName":"Scherzo MC","potentialAction":[{"@type":"SearchAction","target":{"@type":"EntryPoint","urlTemplate":"https:\/\/scherzomusiccentre.com\/?s={search_term_string}"},"query-input":{"@type":"PropertyValueSpecification","valueRequired":true,"valueName":"search_term_string"}}],"inLanguage":"ca"},{"@type":"Organization","@id":"https:\/\/scherzomusiccentre.com\/#organization","name":"Scherzo Music Centre Escuela de Musica y Centro de Eventos","url":"https:\/\/scherzomusiccentre.com\/","logo":{"@type":"ImageObject","inLanguage":"ca","@id":"https:\/\/scherzomusiccentre.com\/#\/schema\/logo\/image\/","url":"https:\/\/scherzomusiccentre.com\/wp-content\/uploads\/2023\/02\/84eef3d1906a04233e5e1d08726e98e4_668x244.jpg","contentUrl":"https:\/\/scherzomusiccentre.com\/wp-content\/uploads\/2023\/02\/84eef3d1906a04233e5e1d08726e98e4_668x244.jpg","width":668,"height":244,"caption":"Scherzo Music Centre Escuela de Musica y Centro de Eventos"},"image":{"@id":"https:\/\/scherzomusiccentre.com\/#\/schema\/logo\/image\/"},"sameAs":["https:\/\/www.facebook.com\/scherzomusiccentre\/","https:\/\/www.instagram.com\/scherzomusiccentre\/?hl=es"]}]}},"_links":{"self":[{"href":"https:\/\/scherzomusiccentre.com\/ca\/wp-json\/wp\/v2\/pages\/172","targetHints":{"allow":["GET"]}}],"collection":[{"href":"https:\/\/scherzomusiccentre.com\/ca\/wp-json\/wp\/v2\/pages"}],"about":[{"href":"https:\/\/scherzomusiccentre.com\/ca\/wp-json\/wp\/v2\/types\/page"}],"author":[{"embeddable":true,"href":"https:\/\/scherzomusiccentre.com\/ca\/wp-json\/wp\/v2\/users\/3"}],"replies":[{"embeddable":true,"href":"https:\/\/scherzomusiccentre.com\/ca\/wp-json\/wp\/v2\/comments?post=172"}],"version-history":[{"count":18,"href":"https:\/\/scherzomusiccentre.com\/ca\/wp-json\/wp\/v2\/pages\/172\/revisions"}],"predecessor-version":[{"id":426,"href":"https:\/\/scherzomusiccentre.com\/ca\/wp-json\/wp\/v2\/pages\/172\/revisions\/426"}],"wp:featuredmedia":[{"embeddable":true,"href":"https:\/\/scherzomusiccentre.com\/ca\/wp-json\/wp\/v2\/media\/96"}],"wp:attachment":[{"href":"https:\/\/scherzomusiccentre.com\/ca\/wp-json\/wp\/v2\/media?parent=172"}],"curies":[{"name":"wp","href":"https:\/\/api.w.org\/{rel}","templated":true}]}}